{"id":557,"date":"2025-06-02T12:28:13","date_gmt":"2025-06-02T10:28:13","guid":{"rendered":"http:\/\/marieleapouliquen.com\/?page_id=557"},"modified":"2025-10-28T10:49:30","modified_gmt":"2025-10-28T09:49:30","slug":"a-propos","status":"publish","type":"page","link":"https:\/\/marieleapouliquen.com\/?page_id=557","title":{"rendered":"A propos"},"content":{"rendered":"\t\t<div data-elementor-type=\"wp-page\" data-elementor-id=\"557\" class=\"elementor elementor-557\">\n\t\t\t\t<div class=\"elementor-element elementor-element-e3bc557 e-flex e-con-boxed wpr-particle-no wpr-jarallax-no wpr-parallax-no wpr-sticky-section-no e-con e-parent\" data-id=\"e3bc557\" data-element_type=\"container\">\n\t\t\t\t\t<div class=\"e-con-inner\">\n\t\t\t\t<div class=\"elementor-element elementor-element-deed6b4 elementor-widget elementor-widget-heading\" data-id=\"deed6b4\" data-element_type=\"widget\" data-widget_type=\"heading.default\">\n\t\t\t\t<div class=\"elementor-widget-container\">\n\t\t\t\t\t<h2 class=\"elementor-heading-title elementor-size-default\">A propos<\/h2>\t\t\t\t<\/div>\n\t\t\t\t<\/div>\n\t\t\t\t\t<\/div>\n\t\t\t\t<\/div>\n\t\t<div class=\"elementor-element elementor-element-68cbd70 e-flex e-con-boxed wpr-particle-no wpr-jarallax-no wpr-parallax-no wpr-sticky-section-no e-con e-parent\" data-id=\"68cbd70\" data-element_type=\"container\">\n\t\t\t\t\t<div class=\"e-con-inner\">\n\t\t\t\t<div class=\"elementor-element elementor-element-bff31ad elementor-widget elementor-widget-heading\" data-id=\"bff31ad\" data-element_type=\"widget\" data-widget_type=\"heading.default\">\n\t\t\t\t<div class=\"elementor-widget-container\">\n\t\t\t\t\t<h2 class=\"elementor-heading-title elementor-size-default\">Formation &amp; Parcours Professionnel<\/h2>\t\t\t\t<\/div>\n\t\t\t\t<\/div>\n\t\t\t\t\t<\/div>\n\t\t\t\t<\/div>\n\t\t<div class=\"elementor-element elementor-element-a669bcc e-flex e-con-boxed wpr-particle-no wpr-jarallax-no wpr-parallax-no wpr-sticky-section-no e-con e-parent\" data-id=\"a669bcc\" data-element_type=\"container\">\n\t\t\t\t\t<div class=\"e-con-inner\">\n\t\t\t\t<div class=\"elementor-element elementor-element-06f286d elementor-widget elementor-widget-spacer\" data-id=\"06f286d\" data-element_type=\"widget\" data-widget_type=\"spacer.default\">\n\t\t\t\t<div class=\"elementor-widget-container\">\n\t\t\t\t\t\t\t<div class=\"elementor-spacer\">\n\t\t\t<div class=\"elementor-spacer-inner\"><\/div>\n\t\t<\/div>\n\t\t\t\t\t\t<\/div>\n\t\t\t\t<\/div>\n\t\t\t\t\t<\/div>\n\t\t\t\t<\/div>\n\t\t<div class=\"elementor-element elementor-element-c2e88f9 e-flex e-con-boxed wpr-particle-no wpr-jarallax-no wpr-parallax-no wpr-sticky-section-no e-con e-parent\" data-id=\"c2e88f9\" data-element_type=\"container\">\n\t\t\t\t\t<div class=\"e-con-inner\">\n\t\t\t\t<div class=\"elementor-element elementor-element-d0a0a01 elementor-widget elementor-widget-text-editor\" data-id=\"d0a0a01\" data-element_type=\"widget\" data-widget_type=\"text-editor.default\">\n\t\t\t\t<div class=\"elementor-widget-container\">\n\t\t\t\t\t\t\t\t\t<p>Apr\u00e8s une formation initiale en classe pr\u00e9paratoire Maths-Physique, j&rsquo;ai obtenu mon dipl\u00f4me d&rsquo;Ing\u00e9nieur g\u00e9n\u00e9raliste \u00e0 l&rsquo;Institut Mines-T\u00e9l\u00e9com Lille-Douai (ex. Ecole des Mines). Souhaitant affiner ma compr\u00e9hension des syst\u00e8mes terrestres et climatiques, j&rsquo;ai ensuite pass\u00e9 le concours de l&rsquo;ENS Ulm et eu la chance d&rsquo;int\u00e9grer le d\u00e9partement de G\u00e9osciences. J&rsquo;y ai suivi une formation par et pour la recherche (master recherche en G\u00e9osciences orient\u00e9 vers les Sciences de l&rsquo;Oc\u00e9an, de l&rsquo;Atmosph\u00e8re et du Climat) compl\u00e9t\u00e9 par une ann\u00e9e d&rsquo;enseignements d&rsquo;ouverture au CERES (Centre de formation sur l&rsquo;environnement et la soci\u00e9t\u00e9), p\u00e9riode qui a \u00e9t\u00e9 d\u00e9terminante pour \u00e9largir ma perspective aux dimensions humaines et soci\u00e9tales des d\u00e9fis environnementaux.<\/p><p>Suite \u00e0 l&rsquo;obtention de mon dipl\u00f4me, j&rsquo;ai choisi de mettre mes comp\u00e9tences au service de l&rsquo;\u00e9ducation pour la transition \u00e9cologique. Cela s&rsquo;est concr\u00e9tis\u00e9 d&rsquo;abord par la conception d&rsquo;une formation sp\u00e9cialis\u00e9e en \u00e9ducation au changement climatique pour l&rsquo;Institut Sup\u00e9rieur de l&rsquo;Environnement. Par la suite, j&rsquo;ai occup\u00e9 un poste d&rsquo;enseignante \u00e0 temps plein \u00e0 l&rsquo;\u00c9cole Am\u00e9ricaine de Rennes (School Year Abroad). Cette exp\u00e9rience m&rsquo;a permis de g\u00e9rer l&rsquo;\u00e9laboration et la mise en \u0153uvre d&rsquo;un curriculum complet en sciences de l&rsquo;environnement, tout en contribuant \u00e0 des projets d&rsquo;apprentissage interculturel.<\/p><p>Je pr\u00e9pare d\u00e9sormais un doctorat en Sciences &amp; Humanit\u00e9s Environnementales, men\u00e9 dans le cadre d&rsquo;une co-tutelle entre les Universit\u00e9s de Rennes (laboratoire G\u00e9osciences) et de Rennes 2 (laboratoire de Sociologie Espaces &amp; Soci\u00e9t\u00e9s).\u00a0L\u2019objectif de ce travail de recherche est d\u2019analyser le processus de construction d\u2019une relation \u00e0 la nature chez les adolescents et jeunes adultes. Pour cela, le projet s&rsquo;appuie sur une m\u00e9thodologie mixte (enqu\u00eate, entretiens) et des ateliers de sensibilisation environnementale mobilisant des instruments scientifiques d&rsquo;observation de la nature.<\/p>\t\t\t\t\t\t\t\t<\/div>\n\t\t\t\t<\/div>\n\t\t\t\t\t<\/div>\n\t\t\t\t<\/div>\n\t\t\t\t<\/div>\n\t\t","protected":false},"excerpt":{"rendered":"<p>A propos Formation &#038; Parcours Professionnel Apr\u00e8s une formation initiale en classe pr\u00e9paratoire Maths-Physique, j&rsquo;ai obtenu mon dipl\u00f4me d&rsquo;Ing\u00e9nieur g\u00e9n\u00e9raliste \u00e0 l&rsquo;Institut Mines-T\u00e9l\u00e9com Lille-Douai (ex. Ecole des Mines). Souhaitant affiner ma compr\u00e9hension des syst\u00e8mes terrestres et climatiques, j&rsquo;ai ensuite pass\u00e9 le concours de l&rsquo;ENS Ulm et eu la chance d&rsquo;int\u00e9grer le d\u00e9partement de G\u00e9osciences. J&rsquo;y ai suivi une formation par et pour la recherche (master recherche en G\u00e9osciences orient\u00e9 vers les Sciences de l&rsquo;Oc\u00e9an, de l&rsquo;Atmosph\u00e8re et du Climat) compl\u00e9t\u00e9 par une ann\u00e9e d&rsquo;enseignements d&rsquo;ouverture au CERES (Centre de formation sur l&rsquo;environnement et la soci\u00e9t\u00e9), p\u00e9riode qui a \u00e9t\u00e9 d\u00e9terminante pour \u00e9largir ma perspective aux dimensions humaines et soci\u00e9tales des d\u00e9fis environnementaux. Suite \u00e0 l&rsquo;obtention de mon dipl\u00f4me, j&rsquo;ai choisi de mettre mes comp\u00e9tences au service de l&rsquo;\u00e9ducation pour la transition \u00e9cologique. Cela s&rsquo;est concr\u00e9tis\u00e9 d&rsquo;abord par la conception d&rsquo;une formation sp\u00e9cialis\u00e9e en \u00e9ducation au changement climatique pour l&rsquo;Institut Sup\u00e9rieur de l&rsquo;Environnement. Par la suite, j&rsquo;ai occup\u00e9 un poste d&rsquo;enseignante \u00e0 temps plein \u00e0 l&rsquo;\u00c9cole Am\u00e9ricaine de Rennes (School Year Abroad). Cette exp\u00e9rience m&rsquo;a permis de g\u00e9rer l&rsquo;\u00e9laboration et la mise en \u0153uvre d&rsquo;un curriculum complet en sciences de l&rsquo;environnement, tout en contribuant \u00e0 des projets d&rsquo;apprentissage interculturel. Je pr\u00e9pare d\u00e9sormais un doctorat en Sciences &amp; Humanit\u00e9s Environnementales, men\u00e9 dans le cadre d&rsquo;une co-tutelle entre les Universit\u00e9s de Rennes (laboratoire G\u00e9osciences) et de Rennes 2 (laboratoire de Sociologie Espaces &amp; Soci\u00e9t\u00e9s).\u00a0L\u2019objectif de ce travail de recherche est d\u2019analyser le processus de construction d\u2019une relation \u00e0 la nature chez les adolescents et jeunes adultes. Pour cela, le projet s&rsquo;appuie sur une m\u00e9thodologie mixte (enqu\u00eate, entretiens) et des ateliers de sensibilisation environnementale mobilisant des instruments scientifiques d&rsquo;observation de la nature.<\/p>\n","protected":false},"author":1,"featured_media":0,"parent":0,"menu_order":0,"comment_status":"closed","ping_status":"closed","template":"","meta":{"ocean_post_layout":"","ocean_both_sidebars_style":"","ocean_both_sidebars_content_width":0,"ocean_both_sidebars_sidebars_width":0,"ocean_sidebar":"","ocean_second_sidebar":"","ocean_disable_margins":"enable","ocean_add_body_class":"","ocean_shortcode_before_top_bar":"","ocean_shortcode_after_top_bar":"","ocean_shortcode_before_header":"","ocean_shortcode_after_header":"","ocean_has_shortcode":"","ocean_shortcode_after_title":"","ocean_shortcode_before_footer_widgets":"","ocean_shortcode_after_footer_widgets":"","ocean_shortcode_before_footer_bottom":"","ocean_shortcode_after_footer_bottom":"","ocean_display_top_bar":"default","ocean_display_header":"default","ocean_header_style":"","ocean_center_header_left_menu":"","ocean_custom_header_template":"","ocean_custom_logo":0,"ocean_custom_retina_logo":0,"ocean_custom_logo_max_width":0,"ocean_custom_logo_tablet_max_width":0,"ocean_custom_logo_mobile_max_width":0,"ocean_custom_logo_max_height":0,"ocean_custom_logo_tablet_max_height":0,"ocean_custom_logo_mobile_max_height":0,"ocean_header_custom_menu":"","ocean_menu_typo_font_family":"","ocean_menu_typo_font_subset":"","ocean_menu_typo_font_size":0,"ocean_menu_typo_font_size_tablet":0,"ocean_menu_typo_font_size_mobile":0,"ocean_menu_typo_font_size_unit":"px","ocean_menu_typo_font_weight":"","ocean_menu_typo_font_weight_tablet":"","ocean_menu_typo_font_weight_mobile":"","ocean_menu_typo_transform":"","ocean_menu_typo_transform_tablet":"","ocean_menu_typo_transform_mobile":"","ocean_menu_typo_line_height":0,"ocean_menu_typo_line_height_tablet":0,"ocean_menu_typo_line_height_mobile":0,"ocean_menu_typo_line_height_unit":"","ocean_menu_typo_spacing":0,"ocean_menu_typo_spacing_tablet":0,"ocean_menu_typo_spacing_mobile":0,"ocean_menu_typo_spacing_unit":"","ocean_menu_link_color":"","ocean_menu_link_color_hover":"","ocean_menu_link_color_active":"","ocean_menu_link_background":"","ocean_menu_link_hover_background":"","ocean_menu_link_active_background":"","ocean_menu_social_links_bg":"","ocean_menu_social_hover_links_bg":"","ocean_menu_social_links_color":"","ocean_menu_social_hover_links_color":"","ocean_disable_title":"default","ocean_disable_heading":"default","ocean_post_title":"","ocean_post_subheading":"","ocean_post_title_style":"","ocean_post_title_background_color":"","ocean_post_title_background":0,"ocean_post_title_bg_image_position":"","ocean_post_title_bg_image_attachment":"","ocean_post_title_bg_image_repeat":"","ocean_post_title_bg_image_size":"","ocean_post_title_height":0,"ocean_post_title_bg_overlay":0.5,"ocean_post_title_bg_overlay_color":"","ocean_disable_breadcrumbs":"default","ocean_breadcrumbs_color":"","ocean_breadcrumbs_separator_color":"","ocean_breadcrumbs_links_color":"","ocean_breadcrumbs_links_hover_color":"","ocean_display_footer_widgets":"default","ocean_display_footer_bottom":"default","ocean_custom_footer_template":"","footnotes":""},"class_list":["post-557","page","type-page","status-publish","hentry","entry"],"_links":{"self":[{"href":"https:\/\/marieleapouliquen.com\/index.php?rest_route=\/wp\/v2\/pages\/557","targetHints":{"allow":["GET"]}}],"collection":[{"href":"https:\/\/marieleapouliquen.com\/index.php?rest_route=\/wp\/v2\/pages"}],"about":[{"href":"https:\/\/marieleapouliquen.com\/index.php?rest_route=\/wp\/v2\/types\/page"}],"author":[{"embeddable":true,"href":"https:\/\/marieleapouliquen.com\/index.php?rest_route=\/wp\/v2\/users\/1"}],"replies":[{"embeddable":true,"href":"https:\/\/marieleapouliquen.com\/index.php?rest_route=%2Fwp%2Fv2%2Fcomments&post=557"}],"version-history":[{"count":52,"href":"https:\/\/marieleapouliquen.com\/index.php?rest_route=\/wp\/v2\/pages\/557\/revisions"}],"predecessor-version":[{"id":1011,"href":"https:\/\/marieleapouliquen.com\/index.php?rest_route=\/wp\/v2\/pages\/557\/revisions\/1011"}],"wp:attachment":[{"href":"https:\/\/marieleapouliquen.com\/index.php?rest_route=%2Fwp%2Fv2%2Fmedia&parent=557"}],"curies":[{"name":"wp","href":"https:\/\/api.w.org\/{rel}","templated":true}]}}